{"id":91,"date":"2019-12-13T02:57:38","date_gmt":"2019-12-13T02:57:38","guid":{"rendered":"http:\/\/shtheme.org\/demosd\/bizzix\/?page_id=91"},"modified":"2026-03-24T21:57:29","modified_gmt":"2026-03-24T21:57:29","slug":"iletisim-2","status":"publish","type":"page","link":"https:\/\/www.gursotechnical.com\/en\/iletisim-2\/","title":{"rendered":"\u0130leti\u015fim"},"content":{"rendered":"<div data-elementor-type=\"wp-post\" data-elementor-id=\"91\" class=\"elementor elementor-91\" data-elementor-post-type=\"page\">\n\t\t\t\t\t\t<section class=\"elementor-section elementor-top-section elementor-element elementor-element-8f4cb37 elementor-section-full_width elementor-section-height-default elementor-section-height-default\" data-id=\"8f4cb37\" data-element_type=\"section\" data-e-type=\"section\">\n\t\t\t\t\t\t<div class=\"elementor-container elementor-column-gap-no\">\n\t\t\t\t\t<div class=\"elementor-column elementor-col-100 elementor-top-column elementor-element elementor-element-05c7ae3\" data-id=\"05c7ae3\" data-element_type=\"column\" data-e-type=\"column\">\n\t\t\t<div class=\"elementor-widget-wrap elementor-element-populated\">\n\t\t\t\t\t\t<div class=\"elementor-element elementor-element-05e91f1 elementor-align-left elementor-widget elementor-widget-bdevs-header\" data-id=\"05e91f1\" data-element_type=\"widget\" data-e-type=\"widget\" data-widget_type=\"bdevs-header.default\">\n\t\t\t\t<div class=\"elementor-widget-container\">\n\t\t\t\t\t\t\t\t\t<div class=\"breadcrumb-area pt-230 pb-235\" style=\"background-image:url(https:\/\/www.gursotechnical.com\/wp-content\/uploads\/2025\/12\/3-1.png)\">\r\n\t\t\r\n                <div class=\"container\">\r\n\r\n                    <div class=\"row\">\r\n\r\n                        <div class=\"col-xl-12\">\r\n\r\n                            <div class=\"breadcrumb-text text-center\">\r\n\r\n                            \t\t                            \t<h1>Contact Information<\/h1>\r\n\t                            \r\n                                <ul class=\"breadcrumb-menu\">\r\n\r\n                                \t                                \t\t<li><a href=\"https:\/\/www.gursotechnical.com\/en\/\">Homepage<\/a><\/li>\r\n                                \t                                \t\r\n                                \t                                \t\t<li><span>Contact Information<\/span><\/li>\r\n                                \t\r\n                                <\/ul>\r\n\r\n                            <\/div>\r\n\r\n                        <\/div>\r\n\r\n                    <\/div>\r\n\r\n                <\/div>\r\n\r\n            <\/div>\r\n\t\t\t\t\t<\/div>\n\t\t\t\t<\/div>\n\t\t\t\t\t<\/div>\n\t\t<\/div>\n\t\t\t\t\t<\/div>\n\t\t<\/section>\n\t\t<div class=\"elementor-element elementor-element-5d2f489 e-flex e-con-boxed e-con e-parent\" data-id=\"5d2f489\" data-element_type=\"container\" data-e-type=\"container\">\n\t\t\t\t\t<div class=\"e-con-inner\">\n\t\t\t\t<div class=\"elementor-element elementor-element-ffc1ecd elementor-widget elementor-widget-spacer\" data-id=\"ffc1ecd\" data-element_type=\"widget\" data-e-type=\"widget\" data-widget_type=\"spacer.default\">\n\t\t\t\t\t\t\t<div class=\"elementor-spacer\">\n\t\t\t<div class=\"elementor-spacer-inner\"><\/div>\n\t\t<\/div>\n\t\t\t\t\t\t<\/div>\n\t\t\t\t\t<\/div>\n\t\t\t\t<\/div>\n\t\t\t\t<section class=\"elementor-section elementor-top-section elementor-element elementor-element-cb7b742 elementor-section-full_width elementor-section-height-default elementor-section-height-default\" data-id=\"cb7b742\" data-element_type=\"section\" data-e-type=\"section\">\n\t\t\t\t\t\t<div class=\"elementor-container elementor-column-gap-no\">\n\t\t\t\t\t<div class=\"elementor-column elementor-col-100 elementor-top-column elementor-element elementor-element-032ed95\" data-id=\"032ed95\" data-element_type=\"column\" data-e-type=\"column\">\n\t\t\t<div class=\"elementor-widget-wrap elementor-element-populated\">\n\t\t\t\t\t\t<div class=\"elementor-element elementor-element-d2b94a3 elementor-align-left elementor-widget elementor-widget-bdevs-contact\" data-id=\"d2b94a3\" data-element_type=\"widget\" data-e-type=\"widget\" data-widget_type=\"bdevs-contact.default\">\n\t\t\t\t<div class=\"elementor-widget-container\">\n\t\t\t\t\t\t\t\r\n\t\t\r\n\t<div class=\"contact-area pt-125 pb-80\">\r\n\t\t<div class=\"container\">\r\n\t\t\t<div class=\"row\">\r\n\t\t\t\t<div class=\"col-xl-8 col-lg-8 offset-lg-2 offset-xl-2\">\r\n\t\t\t\t\t<div class=\"area-title-blue text-center pr-30 pl-30 mb-70 wow fadeInUp\" data-wow-delay=\".1s\" data-wow-duration=\".1\">\r\n\t\t\t\t\t\t                            <span><div style=\"color:#03929e\">G\u00fcrso Techn\u0131cal<\/div><\/span>\r\n                         \r\n\r\n                                                    <h1>Contact Information<\/h1>\r\n                         \r\n\t\t\t\t\t<\/div>\r\n\t\t\t\t<\/div>\r\n\t\t\t<\/div>\r\n\t\t\t<div class=\"row\">\r\n\t\t\t\t<div class=\"col-lg-4 col-lg-4 mb-30\">\r\n\t\t\t\t\t<div class=\"contact-l-adddress-wrapper\">\r\n\t\t\t\t\t\t<ul class=\"contact-1-list-address\">\r\n\t\t\t\t\t\t\t\t\t\t\t\t\t\t<li>\r\n\t\t\t\t\t\t\t\t\t\t\t\t\t\t\t\t<div class=\"contact-1-address-icon\">\r\n\t\t\t\t\t\t\t\t\t<i class=\"fal fa-map-marker-alt\"><\/i>\r\n\t\t\t\t\t\t\t\t<\/div>\r\n\t\t\t\t\t\t\t\t\t\t\t\t\t\t\t\t<div class=\"contact-1-address-text\">\r\n\t\t\t\t\t\t\t\t\t\t\t\t\t\t\t\t\t\t\t<h3><div style=\"color:#03929e\">Head Office Address<\/div><\/h3>\r\n\t\t\t\t\t\t\t\t\t\t\t\t\t\t\t\t\t\t\t\t\t\t\t\t\t\t\t\t<p>\u015eehit Ecvet Yusuf Street, Mustafa Ar\u0131kan Street No:145A,\n K\u0131z\u0131lba\u015f, Nicosia, Northern Cyprus  <\/p>\r\n\t\t\t\t\t\t\t\t\t\t\t\t\t\t\t\t\t<\/div>\r\n\t\t\t\t\t\t\t<\/li>\r\n\t\t\t\t\t\t\t\t\t\t\t\t\t\t<li>\r\n\t\t\t\t\t\t\t\t\t\t\t\t\t\t\t\t<div class=\"contact-1-address-icon\">\r\n\t\t\t\t\t\t\t\t\t<i class=\"fal fa-map-marker-alt\"><\/i>\r\n\t\t\t\t\t\t\t\t<\/div>\r\n\t\t\t\t\t\t\t\t\t\t\t\t\t\t\t\t<div class=\"contact-1-address-text\">\r\n\t\t\t\t\t\t\t\t\t\t\t\t\t\t\t\t\t\t\t<h3><div style=\"color:#03929e\">Factory &amp; Warehouse Address<\/div><\/h3>\r\n\t\t\t\t\t\t\t\t\t\t\t\t\t\t\t\t\t\t\t\t\t\t\t\t\t\t\t\t<p>Next to Kale Boya Facilities, Aslank\u00f6y,\n Famagusta, Northern Cyprus<\/p>\r\n\t\t\t\t\t\t\t\t\t\t\t\t\t\t\t\t\t<\/div>\r\n\t\t\t\t\t\t\t<\/li>\r\n\t\t\t\t\t\t\t\t\t\t\t\t\t\t<li>\r\n\t\t\t\t\t\t\t\t\t\t\t\t\t\t\t\t<div class=\"contact-1-address-icon\">\r\n\t\t\t\t\t\t\t\t\t<i class=\"fal fa-phone\"><\/i>\r\n\t\t\t\t\t\t\t\t<\/div>\r\n\t\t\t\t\t\t\t\t\t\t\t\t\t\t\t\t<div class=\"contact-1-address-text\">\r\n\t\t\t\t\t\t\t\t\t\t\t\t\t\t\t\t\t\t\t<h3><div style=\"color:#03929e\">Phone Numbers<\/div><\/h3>\r\n\t\t\t\t\t\t\t\t\t\t\t\t\t\t\t\t\t\t\t\t\t\t\t\t\t\t\t\t<p>+90 (533) 862 87 88 <br> +90 (392) 225 40 60 <br> +90 (533) 831 72 72<\/p>\r\n\t\t\t\t\t\t\t\t\t\t\t\t\t\t\t\t\t<\/div>\r\n\t\t\t\t\t\t\t<\/li>\r\n\t\t\t\t\t\t\t\t\t\t\t\t\t\t<li>\r\n\t\t\t\t\t\t\t\t\t\t\t\t\t\t\t\t<div class=\"contact-1-address-icon\">\r\n\t\t\t\t\t\t\t\t\t<i class=\"fal fa-envelope-open\"><\/i>\r\n\t\t\t\t\t\t\t\t<\/div>\r\n\t\t\t\t\t\t\t\t\t\t\t\t\t\t\t\t<div class=\"contact-1-address-text\">\r\n\t\t\t\t\t\t\t\t\t\t\t\t\t\t\t\t\t\t\t<h3><div style=\"color:#03929e\">E-Mail Adresimiz<\/div><\/h3>\r\n\t\t\t\t\t\t\t\t\t\t\t\t\t\t\t\t\t\t\t\t\t\t\t\t\t\t\t\t<p>info@gurso.com<\/p>\r\n\t\t\t\t\t\t\t\t\t\t\t\t\t\t\t\t\t<\/div>\r\n\t\t\t\t\t\t\t<\/li>\r\n\t\t\t\t\t\t\t\t\t\t\t\t\t<\/ul>\r\n\t\t\t\t\t<\/div>\r\n\t\t\t\t<\/div>\r\n\t\t\t\t<div class=\"col-xl-8 col-lg-8 mb-30\">\r\n\t\t\t\t\t\t\t\t\t\t<div class=\"contact-us-01-wrapper\">\r\n\t\t\t\t\t\t\n<div class=\"wpcf7 no-js\" id=\"wpcf7-f158-o1\" lang=\"en-US\" dir=\"ltr\" data-wpcf7-id=\"158\">\n<div class=\"screen-reader-response\"><p role=\"status\" aria-live=\"polite\" aria-atomic=\"true\"><\/p> <ul><\/ul><\/div>\n<form action=\"\/en\/wp-json\/wp\/v2\/pages\/91#wpcf7-f158-o1\" method=\"post\" class=\"wpcf7-form init\" aria-label=\"Contact form\" novalidate=\"novalidate\" data-status=\"init\" data-trp-original-action=\"\/en\/wp-json\/wp\/v2\/pages\/91#wpcf7-f158-o1\">\n<fieldset class=\"hidden-fields-container\"><input type=\"hidden\" name=\"_wpcf7\" value=\"158\" \/><input type=\"hidden\" name=\"_wpcf7_version\" value=\"6.1.5\" \/><input type=\"hidden\" name=\"_wpcf7_locale\" value=\"en_US\" \/><input type=\"hidden\" name=\"_wpcf7_unit_tag\" value=\"wpcf7-f158-o1\" \/><input type=\"hidden\" name=\"_wpcf7_container_post\" value=\"0\" \/><input type=\"hidden\" name=\"_wpcf7_posted_data_hash\" value=\"\" \/>\n<\/fieldset>\n<div id=\"contacts-us-form\" class=\"contacts-us-form\">\n\t<div class=\"row\">\n\t\t<div class=\"col-md-6\">\n\t\t\t<div class=\"contacts-icon contactss-name\">\n\t\t\t\t<p><span class=\"wpcf7-form-control-wrap\" data-name=\"your-name\"><input size=\"40\" maxlength=\"400\" class=\"wpcf7-form-control wpcf7-text\" aria-invalid=\"false\" placeholder=\"Name and Surname\" value=\"\" type=\"text\" name=\"your-name\" \/><\/span>\n\t\t\t\t<\/p>\n\t\t\t<\/div>\n\t\t<\/div>\n\t\t<div class=\"col-md-6\">\n\t\t\t<div class=\"contacts-icon contactss-email\">\n\t\t\t\t<p><span class=\"wpcf7-form-control-wrap\" data-name=\"your-email\"><input size=\"40\" maxlength=\"400\" class=\"wpcf7-form-control wpcf7-email wpcf7-validates-as-required wpcf7-text wpcf7-validates-as-email\" aria-required=\"true\" aria-invalid=\"false\" placeholder=\"E Mail Address\" value=\"\" type=\"email\" name=\"your-email\" \/><\/span>\n\t\t\t\t<\/p>\n\t\t\t<\/div>\n\t\t<\/div>\n\t\t<div class=\"col-md-6\">\n\t\t\t<div class=\"contacts-icon contactss-message\">\n\t\t\t\t<p><span class=\"wpcf7-form-control-wrap\" data-name=\"your-phone\"><input size=\"40\" maxlength=\"400\" class=\"wpcf7-form-control wpcf7-text\" aria-invalid=\"false\" placeholder=\"Phone Number\" value=\"\" type=\"text\" name=\"your-phone\" \/><\/span>\n\t\t\t\t<\/p>\n\t\t\t<\/div>\n\t\t<\/div>\n\t\t<div class=\"col-md-12\">\n\t\t\t<div class=\"contacts-icon contactss-message\">\n\t\t\t\t<p><span class=\"wpcf7-form-control-wrap\" data-name=\"your-comment\"><textarea cols=\"40\" rows=\"10\" maxlength=\"2000\" class=\"wpcf7-form-control wpcf7-textarea\" aria-invalid=\"false\" placeholder=\"Message\" name=\"your-comment\"><\/textarea><\/span>\n\t\t\t\t<\/p>\n\t\t\t<\/div>\n\t\t<\/div>\n\t\t<div class=\"col-md-12\">\n\t\t\t<div class=\"contacts-us-form-button\">\n\t\t\t\t<p><input class=\"wpcf7-form-control wpcf7-submit has-spinner btn\" type=\"submit\" value=\"SEND FORM\" \/>\n\t\t\t\t<\/p>\n\t\t\t<\/div>\n\t\t<\/div>\n\t<\/div>\n<\/div><div class=\"wpcf7-response-output\" aria-hidden=\"true\"><\/div>\n<input type=\"hidden\" name=\"trp-form-language\" value=\"en\"\/><\/form>\n<\/div>\n\t\t\t\t\t<\/div>\r\n\t\t\t\t\t \r\n\t\t\t\t<\/div>\r\n\t\t\t<\/div>\r\n\t\t<\/div>\r\n\t<\/div>\r\n\r\n \r\n\r\n\t\t\t\t<\/div>\n\t\t\t\t<\/div>\n\t\t\t\t\t<\/div>\n\t\t<\/div>\n\t\t\t\t\t<\/div>\n\t\t<\/section>\n\t\t<div class=\"elementor-element elementor-element-1f2eec4 e-flex e-con-boxed e-con e-parent\" data-id=\"1f2eec4\" data-element_type=\"container\" data-e-type=\"container\">\n\t\t\t\t\t<div class=\"e-con-inner\">\n\t\t\t\t<div class=\"elementor-element elementor-element-c8235d9 elementor-widget elementor-widget-heading\" data-id=\"c8235d9\" data-element_type=\"widget\" data-e-type=\"widget\" data-widget_type=\"heading.default\">\n\t\t\t\t\t<h2 class=\"elementor-heading-title elementor-size-default\">Head Office<\/h2>\t\t\t\t<\/div>\n\t\t\t\t\t<\/div>\n\t\t\t\t<\/div>\n\t\t<div class=\"elementor-element elementor-element-9929209 e-flex e-con-boxed e-con e-parent\" data-id=\"9929209\" data-element_type=\"container\" data-e-type=\"container\">\n\t\t\t\t\t<div class=\"e-con-inner\">\n\t\t\t\t<div class=\"elementor-element elementor-element-e3eb3c6 elementor-widget elementor-widget-html\" data-id=\"e3eb3c6\" data-element_type=\"widget\" data-e-type=\"widget\" data-widget_type=\"html.default\">\n\t\t\t\t\t<iframe src=\"https:\/\/www.google.com\/maps\/embed?pb=!1m14!1m8!1m3!1d13041.273660868217!2d33.35366799999999!3d35.19853686265766!3m2!1i1024!2i768!4f13.1!3m3!1m2!1s0x14de16d8cf7e17a9%3A0xdedb17e988291745!2sG%C3%BCrso%20Mobilya!5e0!3m2!1str!2sus!4v1766008224765!5m2!1str!2sus\" width=\"600\" height=\"450\" style=\"border:0;\" allowfullscreen=\"\" loading=\"lazy\" referrerpolicy=\"no-referrer-when-downgrade\"><\/iframe>\t\t\t\t<\/div>\n\t\t\t\t\t<\/div>\n\t\t\t\t<\/div>\n\t\t<div class=\"elementor-element elementor-element-74ab6b9 e-flex e-con-boxed e-con e-parent\" data-id=\"74ab6b9\" data-element_type=\"container\" data-e-type=\"container\">\n\t\t\t\t\t<div class=\"e-con-inner\">\n\t\t\t\t<div class=\"elementor-element elementor-element-32180fb elementor-widget elementor-widget-spacer\" data-id=\"32180fb\" data-element_type=\"widget\" data-e-type=\"widget\" data-widget_type=\"spacer.default\">\n\t\t\t\t\t\t\t<div class=\"elementor-spacer\">\n\t\t\t<div class=\"elementor-spacer-inner\"><\/div>\n\t\t<\/div>\n\t\t\t\t\t\t<\/div>\n\t\t\t\t\t<\/div>\n\t\t\t\t<\/div>\n\t\t<div class=\"elementor-element elementor-element-502cb8b e-flex e-con-boxed e-con e-parent\" data-id=\"502cb8b\" data-element_type=\"container\" data-e-type=\"container\">\n\t\t\t\t\t<div class=\"e-con-inner\">\n\t\t\t\t<div class=\"elementor-element elementor-element-b0c2dd5 elementor-widget elementor-widget-heading\" data-id=\"b0c2dd5\" data-element_type=\"widget\" data-e-type=\"widget\" data-widget_type=\"heading.default\">\n\t\t\t\t\t<h1 class=\"elementor-heading-title elementor-size-default\">Factory &amp; Warehouse<\/h1>\t\t\t\t<\/div>\n\t\t\t\t\t<\/div>\n\t\t\t\t<\/div>\n\t\t<div class=\"elementor-element elementor-element-cd6f553 e-flex e-con-boxed e-con e-parent\" data-id=\"cd6f553\" data-element_type=\"container\" data-e-type=\"container\">\n\t\t\t\t\t<div class=\"e-con-inner\">\n\t\t\t\t<div class=\"elementor-element elementor-element-73c0062 elementor-widget elementor-widget-heading\" data-id=\"73c0062\" data-element_type=\"widget\" data-e-type=\"widget\" data-widget_type=\"heading.default\">\n\t\t\t\t\t<h2 class=\"elementor-heading-title elementor-size-default\"><\/h2>\t\t\t\t<\/div>\n\t\t\t\t\t<\/div>\n\t\t\t\t<\/div>\n\t\t<div class=\"elementor-element elementor-element-888e305 e-flex e-con-boxed e-con e-parent\" data-id=\"888e305\" data-element_type=\"container\" data-e-type=\"container\">\n\t\t\t\t\t<div class=\"e-con-inner\">\n\t\t\t\t<div class=\"elementor-element elementor-element-4753d83 elementor-widget elementor-widget-html\" data-id=\"4753d83\" data-element_type=\"widget\" data-e-type=\"widget\" data-widget_type=\"html.default\">\n\t\t\t\t\t<iframe src=\"https:\/\/www.google.com\/maps\/embed?pb=!1m13!1m8!1m3!1d6197.348358811627!2d33.598014!3d35.207091!3m2!1i1024!2i768!4f13.1!3m2!1m1!2zMzXCsDEyJzIyLjAiTiAzM8KwMzUnNTUuMCJF!5e1!3m2!1str!2str!4v1766008371452!5m2!1str!2str\" width=\"600\" height=\"450\" style=\"border:0;\" allowfullscreen=\"\" loading=\"lazy\" referrerpolicy=\"no-referrer-when-downgrade\"><\/iframe>\t\t\t\t<\/div>\n\t\t\t\t\t<\/div>\n\t\t\t\t<\/div>\n\t\t<div class=\"elementor-element elementor-element-22381b2 e-flex e-con-boxed e-con e-parent\" data-id=\"22381b2\" data-element_type=\"container\" data-e-type=\"container\">\n\t\t\t\t\t<div class=\"e-con-inner\">\n\t\t\t\t<div class=\"elementor-element elementor-element-277573d elementor-widget elementor-widget-spacer\" data-id=\"277573d\" data-element_type=\"widget\" data-e-type=\"widget\" data-widget_type=\"spacer.default\">\n\t\t\t\t\t\t\t<div class=\"elementor-spacer\">\n\t\t\t<div class=\"elementor-spacer-inner\"><\/div>\n\t\t<\/div>\n\t\t\t\t\t\t<\/div>\n\t\t\t\t\t<\/div>\n\t\t\t\t<\/div>\n\t\t\t\t<\/div>","protected":false},"excerpt":{"rendered":"<p>\u0130leti\u015fim Bilgileri Ana Sayfa \u0130leti\u015fim Bilgileri G\u00fcrso Techn\u0131cal \u0130leti\u015fim Bilgileri Merkez Ofis Adres \u015eehit Ecvet Yusuf Cad. Mustafa Ar\u0131kan Sokak No:145A, K\u0131z\u0131lba\u015f, Lefko\u015fa Kuzey K\u0131br\u0131s Fabrika &amp; Depo Adres Kale Boya Tesisleri Yan\u0131 Aslank\u00f6y, Ma\u011fusa, Kuzey K\u0131br\u0131s Telefon Numaralar\u0131m\u0131z +90 (533) 862 87 88 +90 (392) 225 40 60 +90 (533) 831 72 72 E-Mail [&hellip;]<\/p>","protected":false},"author":1,"featured_media":0,"parent":0,"menu_order":0,"comment_status":"closed","ping_status":"closed","template":"page-templates\/home.php","meta":{"inline_featured_image":false,"_joinchat":[],"footnotes":""},"class_list":["post-91","page","type-page","status-publish","hentry"],"_links":{"self":[{"href":"https:\/\/www.gursotechnical.com\/en\/wp-json\/wp\/v2\/pages\/91","targetHints":{"allow":["GET"]}}],"collection":[{"href":"https:\/\/www.gursotechnical.com\/en\/wp-json\/wp\/v2\/pages"}],"about":[{"href":"https:\/\/www.gursotechnical.com\/en\/wp-json\/wp\/v2\/types\/page"}],"author":[{"embeddable":true,"href":"https:\/\/www.gursotechnical.com\/en\/wp-json\/wp\/v2\/users\/1"}],"replies":[{"embeddable":true,"href":"https:\/\/www.gursotechnical.com\/en\/wp-json\/wp\/v2\/comments?post=91"}],"version-history":[{"count":37,"href":"https:\/\/www.gursotechnical.com\/en\/wp-json\/wp\/v2\/pages\/91\/revisions"}],"predecessor-version":[{"id":1884,"href":"https:\/\/www.gursotechnical.com\/en\/wp-json\/wp\/v2\/pages\/91\/revisions\/1884"}],"wp:attachment":[{"href":"https:\/\/www.gursotechnical.com\/en\/wp-json\/wp\/v2\/media?parent=91"}],"curies":[{"name":"wp","href":"https:\/\/api.w.org\/{rel}","templated":true}]}}