{"id":1701,"date":"2025-12-18T22:29:58","date_gmt":"2025-12-18T22:29:58","guid":{"rendered":"https:\/\/www.gursotechnical.com\/?page_id=1701"},"modified":"2026-01-19T09:20:52","modified_gmt":"2026-01-19T09:20:52","slug":"urunlerimiz","status":"publish","type":"page","link":"https:\/\/www.gursotechnical.com\/en\/urunlerimiz\/","title":{"rendered":"Products"},"content":{"rendered":"<div data-elementor-type=\"wp-page\" data-elementor-id=\"1701\" class=\"elementor elementor-1701\" data-elementor-post-type=\"page\">\n\t\t\t\t<div class=\"elementor-element elementor-element-1374906 e-flex e-con-boxed e-con e-parent\" data-id=\"1374906\" data-element_type=\"container\" data-e-type=\"container\" data-settings=\"{&quot;background_background&quot;:&quot;classic&quot;}\">\n\t\t\t\t\t<div class=\"e-con-inner\">\n\t\t<div class=\"elementor-element elementor-element-b5192b3 e-con-full e-flex e-con e-child\" data-id=\"b5192b3\" data-element_type=\"container\" data-e-type=\"container\">\n\t\t\t\t<div class=\"elementor-element elementor-element-09d75b0 elementor-widget elementor-widget-heading\" data-id=\"09d75b0\" data-element_type=\"widget\" data-e-type=\"widget\" data-widget_type=\"heading.default\">\n\t\t\t\t\t<h2 class=\"elementor-heading-title elementor-size-default\"><div class=\"up-section-title text-center mb-80\">\n\t\t\t\t\t\t\t\t\t\t\t\t\t\t\t\t<h5>G\u00fcrso Technical<\/h5>\n\t\t\t\t\t\t\t\t\t\t\t\t\t\t\t\t\t\t\t\t\t\t\t\t<h3>Our Product Groups<\/h3>\n\t\t\t\t\t\t\t\t\t\t\t\t\t\t\t<\/div><\/h2>\t\t\t\t<\/div>\n\t\t\t\t<\/div>\n\t\t\t\t\t<\/div>\n\t\t\t\t<\/div>\n\t\t<div class=\"elementor-element elementor-element-03b6a14 e-flex e-con-boxed e-con e-parent\" data-id=\"03b6a14\" data-element_type=\"container\" data-e-type=\"container\">\n\t\t\t\t\t<div class=\"e-con-inner\">\n\t\t\t\t<div class=\"elementor-element elementor-element-05972fe elementor-widget elementor-widget-spacer\" data-id=\"05972fe\" data-element_type=\"widget\" data-e-type=\"widget\" data-widget_type=\"spacer.default\">\n\t\t\t\t\t\t\t<div class=\"elementor-spacer\">\n\t\t\t<div class=\"elementor-spacer-inner\"><\/div>\n\t\t<\/div>\n\t\t\t\t\t\t<\/div>\n\t\t\t\t\t<\/div>\n\t\t\t\t<\/div>\n\t\t<div class=\"elementor-element elementor-element-e28eab5 e-flex e-con-boxed e-con e-parent\" data-id=\"e28eab5\" data-element_type=\"container\" data-e-type=\"container\">\n\t\t\t\t\t<div class=\"e-con-inner\">\n\t\t<div class=\"elementor-element elementor-element-1bb9732 e-con-full e-flex e-con e-child\" data-id=\"1bb9732\" data-element_type=\"container\" data-e-type=\"container\">\n\t\t\t\t<div class=\"elementor-element elementor-element-bdf1af9 elementor-widget elementor-widget-heading\" data-id=\"bdf1af9\" data-element_type=\"widget\" data-e-type=\"widget\" data-widget_type=\"heading.default\">\n\t\t\t\t\t<h2 class=\"elementor-heading-title elementor-size-default\"><div class=\"we-are-text\">\n\n                                \t                                \t\t<span>G\u00fcrso Techn\u0131cal<\/span>\n                                \t                                \t                                \t<h1>WHY CHOOSE US?<\/h1>\n\t                                \t                                \t                                \n\n                                <\/div><\/h2>\t\t\t\t<\/div>\n\t\t\t\t<div class=\"elementor-element elementor-element-1f6b2f7 elementor-widget elementor-widget-html\" data-id=\"1f6b2f7\" data-element_type=\"widget\" data-e-type=\"widget\" data-widget_type=\"html.default\">\n\t\t\t\t\t<div class=\"up-features-items pb-150\">\n\t\t\t\t<div class=\"container\">\n\t\t\t\t\t<div class=\"row\">\n\t\t\t\t\t\t\t\t\t\t\t\t<div class=\"col-xl-4 col-md-6\">\n\t\t\t\t\t\t\t<div class=\"up-features-wrapper text-center\">\n\t\t\t\t\t\t\t\t\t\t\t\t\t\t\t\t<div class=\"up-features-img\">\n\t\t\t\t\t\t\t\t\t<img decoding=\"async\" src=\"https:\/\/www.gursotechnical.com\/wp-content\/uploads\/2025\/12\/yagmur.jpg\" alt=\"\">\n\t\t\t\t\t\t\t\t<\/div>\n\t\t\t\t\t\t\t\t\t\n\t\t\t\t\t\t\t\t<div class=\"up-features-text\">\n\t\t\t\t\t\t\t\t \n\t\t\t\t\t\t\t\t\t\t\t\t\t\t\t\t\t\t<h4>Cast Iron Covers &amp; Gratings<\/h4>\n\t\t\t\t\t\t\t\t\t\t\n\t\t\t\t\t\t\t\t\t\t\t\t\t\t\t\t\t\t<p>For detailed information, please click here.<br><br><\/p>\n\t\t\t\t\t\t\t\t\t\t\n\t\t\t\t\t\t\t\t\t\t\t\t\t\t\t\t\t\t<a href=\"https:\/\/www.gursotechnical.com\/wp-content\/uploads\/2025\/12\/GurSo-Technical-Fiyat-Listesi-I.pdf#page=04\" target=\"_blank\" class=\"read-more\"><i class=\"far fa-plus\"><\/i><\/a>\n\t\t\t\t\t\t\t\t\t\t\n\t\t\t\t\t\t\t\t<\/div>\n\t\t\t\t\t\t\t<\/div>\n\t\t\t\t\t\t<\/div>\n\t\t\t\t\t\t\t\t\t\t\t\t<div class=\"col-xl-4 col-md-6\">\n\t\t\t\t\t\t\t<div class=\"up-features-wrapper text-center\">\n\t\t\t\t\t\t\t\t\t\t\t\t\t\t\t\t<div class=\"up-features-img\">\n\t\t\t\t\t\t\t\t\t<img decoding=\"async\" src=\"https:\/\/www.gursotechnical.com\/wp-content\/uploads\/2025\/12\/boru.jpg\" alt=\"\">\n\t\t\t\t\t\t\t\t<\/div>\n\t\t\t\t\t\t\t\t\t\n\t\t\t\t\t\t\t\t<div class=\"up-features-text\">\n\t\t\t\t\t\t\t\t \n\t\t\t\t\t\t\t\t\t\t\t\t\t\t\t\t\t\t<h4>Pipes &amp; Infrastructure Group<br><br><br><\/h4>\n\t\t\t\t\t\t\t\t\t\t\n\t\t\t\t\t\t\t\t\t\t\t\t\t\t\t\t\t\t<p>For detailed information, please click here.<\/p>\n\t\t\t\t\t\t\t\t\t\t\n\t\t\t\t\t\t\t\t\t\t\t\t\t\t\t\t\t\t<a href=\"https:\/\/www.gursotechnical.com\/wp-content\/uploads\/2025\/12\/GurSo-Technical-Fiyat-Listesi-I.pdf#page=10\" target=\"_blank\" class=\"read-more\"><i class=\"far fa-plus\"><\/i><\/a>\n\t\t\t\t\t\t\t\t\t\t\n\t\t\t\t\t\t\t\t<\/div>\n\t\t\t\t\t\t\t<\/div>\n\t\t\t\t\t\t<\/div>\n\t\t\t\t\t\t\t\t\t\t\t\t<div class=\"col-xl-4 col-md-6\">\n\t\t\t\t\t\t\t<div class=\"up-features-wrapper text-center\">\n\t\t\t\t\t\t\t\t\t\t\t\t\t\t\t\t<div class=\"up-features-img\">\n\t\t\t\t\t\t\t\t\t<img decoding=\"async\" src=\"https:\/\/www.gursotechnical.com\/wp-content\/uploads\/2025\/12\/3-1.jpg\" alt=\"\">\n\t\t\t\t\t\t\t\t<\/div>\n\t\t\t\t\t\t\t\t\t\n\t\t\t\t\t\t\t\t<div class=\"up-features-text\">\n\t\t\t\t\t\t\t\t \n\t\t\t\t\t\t\t\t\t\t\t\t\t\t\t\t\t\t<h4>Wire &amp; Fence Systems<br><br><br><\/h4>\n\t\t\t\t\t\t\t\t\t\t\n\t\t\t\t\t\t\t\t\t\t\t\t\t\t\t\t\t\t<p>For detailed information, please click here.<\/p>\n\t\t\t\t\t\t\t\t\t\t\n\t\t\t\t\t\t\t\t\t\t\t\t\t\t\t\t\t\t<a href=\"https:\/\/www.gursotechnical.com\/wp-content\/uploads\/2025\/12\/GurSo-Technical-Fiyat-Listesi-I.pdf#page=33\" target=\"_blank\" class=\"read-more\"><i class=\"far fa-plus\"><\/i><\/a>\n\t\t\t\t\t\t\t\t\t\t\n\t\t\t\t\t\t\t\t<\/div>\n\t\t\t\t\t\t\t<\/div>\n\t\t\t\t\t\t<\/div>\n\t\t\t\t\t\t\t\t\t\t\t\t<div class=\"col-xl-4 col-md-6\">\n\t\t\t\t\t\t\t<div class=\"up-features-wrapper text-center\">\n\t\t\t\t\t\t\t\t\t\t\t\t\t\t\t\t<div class=\"up-features-img\">\n\t\t\t\t\t\t\t\t\t<img decoding=\"async\" src=\"https:\/\/www.gursotechnical.com\/wp-content\/uploads\/2025\/12\/branda.jpg\" alt=\"\">\n\t\t\t\t\t\t\t\t<\/div>\n\t\t\t\t\t\t\t\t\t\n\t\t\t\t\t\t\t\t<div class=\"up-features-text\">\n\t\t\t\t\t\t\t\t\n\t\t\t\t\t\t\t\t\t\t\t\t\t\t\t\t\t\t<h4>Tarpaulins &amp; Shading Mesh Fabrics<br><br><\/h4>\n\t\t\t\t\t\t\t\t\t\t\n\t\t\t\t\t\t\t\t\t\t\t\t\t\t\t\t\t\t<p>For detailed information, please click here. <br><br><\/p>\n\t\t\t\t\t\t\t\t\t\t\n\t\t\t\t\t\t\t\t\t\t\t\t\t\t\t\t\t\t<a href=\"https:\/\/www.gursotechnical.com\/wp-content\/uploads\/2025\/12\/GurSo-Technical-Fiyat-Listesi-I.pdf#page=40\" target=\"_blank\" class=\"read-more\"><i class=\"far fa-plus\"><\/i><\/a>\n\t\t\t\t\t\t\t\t\t\t\n\t\t\t\t\t\t\t\t<\/div>\n\t\t\t\t\t\t\t<\/div>\n\t\t\t\t\t\t<\/div>\n\t\t\t\t\t\t\t\t\t\t\t\t<div class=\"col-xl-4 col-md-6\">\n\t\t\t\t\t\t\t<div class=\"up-features-wrapper text-center\">\n\t\t\t\t\t\t\t\t\t\t\t\t\t\t\t\t<div class=\"up-features-img\">\n\t\t\t\t\t\t\t\t\t<img decoding=\"async\" src=\"https:\/\/www.gursotechnical.com\/wp-content\/uploads\/2025\/12\/branda-1.jpg\" alt=\"\">\n\t\t\t\t\t\t\t\t<\/div>\n\t\t\t\t\t\t\t\t\t\n\t\t\t\t\t\t\t\t<div class=\"up-features-text\">\n\t\t\t\t\t\t\t\t\t\t\t\t\t\t\t\t\t\t\t\t\t\t\t<h4>Plastic Products Group<\/h4>\n\t\t\t\t\t\t\t\t\t\t\n\t\t\t\t\t\t\t\t\t\t\t\t\t\t\t\t\t\t<p>For detailed information, please click here.<\/p>\n\t\t\t\t\t\t\t\t\t\t\n\t\t\t\t\t\t\t\t\t\t\t\t\t\t\t\t\t\t<a href=\"https:\/\/www.gursotechnical.com\/wp-content\/uploads\/2025\/12\/GurSo-Technical-Fiyat-Listesi-I.pdf#page=40\" target=\"_blank\" class=\"read-more\"><i class=\"far fa-plus\"><\/i><\/a>\n\t\t\t\t\t\t\t\t\t\t\n\t\t\t\t\t\t\t\t<\/div>\n\t\t\t\t\t\t\t<\/div>\n\t\t\t\t\t\t<\/div>\n\t\t\t\t\t\t\t\t\t\t\t\t<div class=\"col-xl-4 col-md-6\">\n\t\t\t\t\t\t\t<div class=\"up-features-wrapper text-center\">\n\t\t\t\t\t\t\t\t\t\t\t\t\t\t\t\t<div class=\"up-features-img\">\n\t\t\t\t\t\t\t\t\t<img decoding=\"async\" src=\"https:\/\/www.gursotechnical.com\/wp-content\/uploads\/2025\/12\/cuval_ip.jpg\" alt=\"\">\n\t\t\t\t\t\t\t\t<\/div>\n\t\t\t\t\t\t\t\t\t\n\t\t\t\t\t\t\t\t<div class=\"up-features-text\">\n\t\t\t\t\t\t\t\t\t \n\t\t\t\t\t\t\t\t\t\t\t\t\t\t\t\t\t\t<h4>Sacks &amp; Ropes<\/h4>\n\t\t\t\t\t\t\t\t\t\t\n\t\t\t\t\t\t\t\t\t\t\t\t\t\t\t\t\t\t<p>For detailed information, please click here.<\/p>\n\t\t\t\t\t\t\t\t\t\t\n\t\t\t\t\t\t\t\t\t\t\t\t\t\t\t\t\t\t<a href=\"https:\/\/www.gursotechnical.com\/wp-content\/uploads\/2025\/12\/GurSo-Technical-Fiyat-Listesi-I.pdf#page=41\" target=\"_blank\" class=\"read-more\"><i class=\"far fa-plus\"><\/i><\/a>\n\t\t\t\t\t\t\t\t\t\t\n\t\t\t\t\t\t\t\t<\/div>\n\t\t\t\t\t\t\t<\/div>\n\t\t\t\t\t\t<\/div>\n\t\t\t\t\t\t\t\t\t\t\t\t<div class=\"col-xl-4 col-md-6\">\n\t\t\t\t\t\t\t<div class=\"up-features-wrapper text-center\">\n\t\t\t\t\t\t\t\t\t\t\t\t\t\t\t\t<div class=\"up-features-img\">\n\t\t\t\t\t\t\t\t\t<img decoding=\"async\" src=\"https:\/\/www.gursotechnical.com\/wp-content\/uploads\/2025\/12\/oluk.jpg\" alt=\"\">\n\t\t\t\t\t\t\t\t<\/div>\n\t\t\t\t\t\t\t\t\t\n\t\t\t\t\t\t\t\t<div class=\"up-features-text\">\n\t\t\t\t\t\t\t\t \n\t\t\t\t\t\t\t\t\t\t\t\t\t\t\t\t\t\t<h4>Strainers &amp; Drainage Systems<\/h4>\n\t\t\t\t\t\t\t\t\t\t\n\t\t\t\t\t\t\t\t\t\t\t\t\t\t\t\t\t\t<p>For detailed information, please click here.<\/p>\n\t\t\t\t\t\t\t\t\t\t\n\t\t\t\t\t\t\t\t\t\t\t\t\t\t\t\t\t\t<a href=\"https:\/\/www.gursotechnical.com\/wp-content\/uploads\/2025\/12\/GurSo-Technical-Fiyat-Listesi-I.pdf#page=28\" class=\"read-more\" target=\"_blank\"><i class=\"far fa-plus\"><\/i><\/a>\n\t\t\t\t\t\t\t\t\t\t\n\t\t\t\t\t\t\t\t<\/div>\n\t\t\t\t\t\t\t<\/div>\n\t\t\t\t\t\t<\/div>\n\t\t\t\t\t\t\t\t\t\t\t\t<div class=\"col-xl-4 col-md-6\">\n\t\t\t\t\t\t\t<div class=\"up-features-wrapper text-center\">\n\t\t\t\t\t\t\t\t\t\t\t\t\t\t\t\t<div class=\"up-features-img\">\n\t\t\t\t\t\t\t\t\t<img decoding=\"async\" src=\"https:\/\/www.gursotechnical.com\/wp-content\/uploads\/2025\/12\/1123-1.jpg\" alt=\"\">\n\t\t\t\t\t\t\t\t<\/div>\n\t\t\t\t\t\t\t\t\t\n\t\t\t\t\t\t\t\t<div class=\"up-features-text\">\n\t\t\t\t \n\t\t\t\t\t\t\t\t\t\t\t\t\t\t\t\t\t\t<h4>Formwork Materials<\/h4>\n\t\t\t\t\t\t\t\t\t\t\n\t\t\t\t\t\t\t\t\t\t\t\t\t\t\t\t\t\t<p>For detailed information, please click here.<\/p>\n\t\t\t\t\t\t\t\t\t\t\n\t\t\t\t\t\t\t\t\t\t\t\t\t\t\t\t\t\t<a href=\"https:\/\/www.gursotechnical.com\/wp-content\/uploads\/2025\/12\/GurSo-Technical-Fiyat-Listesi-I.pdf#page=45\" target=\"_blank\" class=\"read-more\"><i class=\"far fa-plus\"><\/i><\/a>\n\t\t\t\t\t\t\t\t\t\t\n\t\t\t\t\t\t\t\t<\/div>\n\t\t\t\t\t\t\t<\/div>\n\t\t\t\t\t\t<\/div>\n\t\t\t\t\t\t\t\t\t\t\t\t<div class=\"col-xl-4 col-md-6\">\n\t\t\t\t\t\t\t<div class=\"up-features-wrapper text-center\">\n\t\t\t\t\t\t\t\t\t\t\t\t\t\t\t\t<div class=\"up-features-img\">\n\t\t\t\t\t\t\t\t\t<img decoding=\"async\" src=\"https:\/\/www.gursotechnical.com\/wp-content\/uploads\/2025\/12\/kapi_aksesuarlari.jpg\" alt=\"\">\n\t\t\t\t\t\t\t\t<\/div>\n\t\t\t\t\t\t\t\t\t\n\t\t\t\t\t\t\t\t<div class=\"up-features-text\">\n\t\t\t\t\t\t\t\t \n\t\t\t\t\t\t\t\t\t\t\t\t\t\t\t\t\t\t<h4>ITO Locks &amp; Door Accessories<\/h4>\n\t\t\t\t\t\t\t\t\t\t\n\t\t\t\t\t\t\t\t\t\t\t\t\t\t\t\t\t\t<p>For detailed information, please click here.<br><br><\/p>\n\t\t\t\t\t\t\t\t\t\t\n\t\t\t\t\t\t\t\t\t\t\t\t\t\t\t\t\t\t<a href=\"https:\/\/www.gursotechnical.com\/wp-content\/uploads\/2025\/12\/GurSo-Technical-Fiyat-Listesi-I.pdf#page=49\" target=\"_blank\" class=\"read-more\"><i class=\"far fa-plus\"><\/i><\/a>\n\t\t\t\t\t\t\t\t\t\t\n\t\t\t\t\t\t\t\t<\/div>\n\t\t\t\t\t\t\t<\/div>\n\t\t\t\t\t\t<\/div>\n\t\t\t\t\t\t\t\t\t\t\t\t<div class=\"col-xl-4 col-md-6\">\n\t\t\t\t\t\t\t<div class=\"up-features-wrapper text-center\">\n\t\t\t\t\t\t\t\t\t\t\t\t\t\t\t\t<div class=\"up-features-img\">\n\t\t\t\t\t\t\t\t\t<img decoding=\"async\" src=\"https:\/\/www.gursotechnical.com\/wp-content\/uploads\/2025\/12\/cim.jpg\" alt=\"\">\n\t\t\t\t\t\t\t\t<\/div>\n\t\t\t\t\t\t\t\t\t\n\t\t\t\t\t\t\t\t<div class=\"up-features-text\">\n\t\t\t\t \n\t\t\t\t\t\t\t\t\t\t\t\t\t\t\t\t\t\t<h4>Decorative Artificial Grass &amp; Doormats<\/h4>\n\t\t\t\t\t\t\t\t\t\t\n\t\t\t\t\t\t\t\t\t\t\t\t\t\t\t\t\t\t<p>For detailed information, please click here.<br><br><\/p>\n\t\t\t\t\t\t\t\t\t\t\n\t\t\t\t\t\t\t\t\t\t\t\t\t\t\t\t\t\t<a href=\"https:\/\/www.gursotechnical.com\/wp-content\/uploads\/2025\/12\/GurSo-Technical-Fiyat-Listesi-I.pdf#page=42\" target=\"_blank\" class=\"read-more\"><i class=\"far fa-plus\"><\/i><\/a>\n\t\t\t\t\t\t\t\t\t\t\n\t\t\t\t\t\t\t\t<\/div>\n\t\t\t\t\t\t\t<\/div>\n\t\t\t\t\t\t<\/div>\n\t\t\t\t\t\t\t\t\t\t\t\t<div class=\"col-xl-4 col-md-6\">\n\t\t\t\t\t\t\t<div class=\"up-features-wrapper text-center\">\n\t\t\t\t\t\t\t\t\t\t\t\t\t\t\t\t<div class=\"up-features-img\">\n\t\t\t\t\t\t\t\t\t<img decoding=\"async\" src=\"https:\/\/www.gursotechnical.com\/wp-content\/uploads\/2025\/12\/dikey.jpg\" alt=\"\">\n\t\t\t\t\t\t\t\t<\/div>\n\t\t\t\t\t\t\t\t\t\n\t\t\t\t\t\t\t\t<div class=\"up-features-text\">\n\t\t\t\t\t\t\t\t \n\t\t\t\t\t\t\t\t\t\t\t\t\t\t\t\t\t\t<h4>Vertical Garden &amp; Decoration<br><\/h4>\n\t\t\t\t\t\t\t\t\t\t\n\t\t\t\t\t\t\t\t\t\t\t\t\t\t\t\t\t\t<p>For detailed information, please click here.<br><br><\/p>\n\t\t\t\t\t\t\t\t\t\t\n\t\t\t\t\t\t\t\t\t\t\t\t\t\t\t\t\t\t<a href=\"https:\/\/www.gursotechnical.com\/wp-content\/uploads\/2025\/12\/GurSo-Technical-Fiyat-Listesi-I-Print.pdf#page=38\" target=\"_blank\" class=\"read-more\"><i class=\"far fa-plus\"><\/i><\/a>\n\t\t\t\t\t\t\t\t\t\t\n\t\t\t\t\t\t\t\t<\/div>\n\t\t\t\t\t\t\t<\/div>\n\t\t\t\t\t\t<\/div>\n\t\t\t\t\t\t\t\t\t\t\t\t<div class=\"col-xl-4 col-md-6\">\n\t\t\t\t\t\t\t<div class=\"up-features-wrapper text-center\">\n\t\t\t\t\t\t\t\t\t\t\t\t\t\t\t\t<div class=\"up-features-img\">\n\t\t\t\t\t\t\t\t\t<img decoding=\"async\" src=\"https:\/\/www.gursotechnical.com\/wp-content\/uploads\/2026\/01\/cop_elarabasi.png\" alt=\"\">\n\t\t\t\t\t\t\t\t<\/div>\n\t\t\t\t\t\t\t\t\t\n\t\t\t\t\t\t\t\t<div class=\"up-features-text\">\n\t\t\t\t \n\t\t\t\t\t\t\t\t\t\t\t\t\t\t\t\t\t\t<h4>G\u00fcrso Wheelbarrows &amp; Waste Containers<\/h4>\n\t\t\t\t\t\t\t\t\t\t\n\t\t\t\t\t\t\t\t\t\t\t\t\t\t\t\t\t\t<p>For detailed information, please click here.<\/p>\n\t\t\t\t\t\t\t\t\t\t\n\t\t\t\t\t\t\t\t\t\t\t\t\t\t\t\t\t\t<a href=\"https:\/\/www.gursotechnical.com\/wp-content\/uploads\/2025\/12\/GurSo-Technical-Fiyat-Listesi-I-Print.pdf#page=48\" target=\"_blank\" class=\"read-more\"><i class=\"far fa-plus\"><\/i><\/a>\n\t\t\t\t\t\t\t\t\t\t\n\t\t\t\t\t\t\t\t<\/div>\n\t\t\t\t\t\t\t<\/div>\n\t\t\t\t\t\t<\/div>\n\t\t\t\t\t\t\t\t\t\t\t<\/div>\n\t\t\t\t<\/div>\n\t\t\t<\/div>\t\t\t\t<\/div>\n\t\t\t\t<\/div>\n\t\t\t\t\t<\/div>\n\t\t\t\t<\/div>\n\t\t\t\t<\/div>","protected":false},"excerpt":{"rendered":"<p>G\u00fcrso Technical \u00dcr\u00fcn Gruplar\u0131m\u0131z G\u00fcrso Techn\u0131cal NEDEN B\u0130Z\u0130 TERC\u0130H ETMEL\u0130S\u0130N\u0130Z ? R\u00f6gar Kapaklar\u0131 ve Ya\u011fmur Suyu Izgaralar\u0131 Detayl\u0131 Bilgi \u0130\u00e7in L\u00fctfen T\u0131klay\u0131n\u0131z Boru &amp; Atyap\u0131 Grubu Detayl\u0131 Bilgi \u0130\u00e7in L\u00fctfen T\u0131klay\u0131n\u0131z Tel ve \u00c7it Sistemleri Detayl\u0131 Bilgi \u0130\u00e7in L\u00fctfen T\u0131klay\u0131n\u0131z Branda ve G\u00f6lgeleme T\u00fclleri Detayl\u0131 Bilgi \u0130\u00e7in L\u00fctfen T\u0131klay\u0131n\u0131z Naylon Grubu Detayl\u0131 Bilgi \u0130\u00e7in L\u00fctfen [&hellip;]<\/p>","protected":false},"author":1,"featured_media":0,"parent":0,"menu_order":0,"comment_status":"closed","ping_status":"closed","template":"page-templates\/home.php","meta":{"inline_featured_image":false,"_joinchat":[],"footnotes":""},"class_list":["post-1701","page","type-page","status-publish","hentry"],"_links":{"self":[{"href":"https:\/\/www.gursotechnical.com\/en\/wp-json\/wp\/v2\/pages\/1701","targetHints":{"allow":["GET"]}}],"collection":[{"href":"https:\/\/www.gursotechnical.com\/en\/wp-json\/wp\/v2\/pages"}],"about":[{"href":"https:\/\/www.gursotechnical.com\/en\/wp-json\/wp\/v2\/types\/page"}],"author":[{"embeddable":true,"href":"https:\/\/www.gursotechnical.com\/en\/wp-json\/wp\/v2\/users\/1"}],"replies":[{"embeddable":true,"href":"https:\/\/www.gursotechnical.com\/en\/wp-json\/wp\/v2\/comments?post=1701"}],"version-history":[{"count":17,"href":"https:\/\/www.gursotechnical.com\/en\/wp-json\/wp\/v2\/pages\/1701\/revisions"}],"predecessor-version":[{"id":1847,"href":"https:\/\/www.gursotechnical.com\/en\/wp-json\/wp\/v2\/pages\/1701\/revisions\/1847"}],"wp:attachment":[{"href":"https:\/\/www.gursotechnical.com\/en\/wp-json\/wp\/v2\/media?parent=1701"}],"curies":[{"name":"wp","href":"https:\/\/api.w.org\/{rel}","templated":true}]}}