{"id":1009,"date":"2025-12-12T14:37:25","date_gmt":"2025-12-12T14:37:25","guid":{"rendered":"https:\/\/www.gursotechnical.com\/?page_id=1009"},"modified":"2025-12-22T20:53:02","modified_gmt":"2025-12-22T20:53:02","slug":"uretim","status":"publish","type":"page","link":"https:\/\/www.gursotechnical.com\/en\/uretim\/","title":{"rendered":"\u00dcretim"},"content":{"rendered":"<div data-elementor-type=\"wp-page\" data-elementor-id=\"1009\" class=\"elementor elementor-1009\" data-elementor-post-type=\"page\">\n\t\t\t\t\t\t<section class=\"elementor-section elementor-top-section elementor-element elementor-element-3844f774 elementor-section-full_width elementor-section-height-default elementor-section-height-default\" data-id=\"3844f774\" data-element_type=\"section\" data-e-type=\"section\">\n\t\t\t\t\t\t<div class=\"elementor-container elementor-column-gap-default\">\n\t\t\t\t\t<div class=\"elementor-column elementor-col-100 elementor-top-column elementor-element elementor-element-583ac7bc\" data-id=\"583ac7bc\" data-element_type=\"column\" data-e-type=\"column\">\n\t\t\t<div class=\"elementor-widget-wrap elementor-element-populated\">\n\t\t\t\t\t\t<div class=\"elementor-element elementor-element-458adaa7 elementor-align-left elementor-widget elementor-widget-bdevs-cta\" data-id=\"458adaa7\" data-element_type=\"widget\" data-e-type=\"widget\" data-widget_type=\"bdevs-cta.default\">\n\t\t\t\t<div class=\"elementor-widget-container\">\n\t\t\t\t\t\t\t\t\r\n\t\t\t        \t<div class=\"cta-area pt-130 pb-250\" style=\"background-image:url(https:\/\/www.gursotechnical.com\/wp-content\/uploads\/2025\/12\/uretim.png)\">\r\n        \t                <div class=\"container\">\r\n                    <div class=\"row\">\r\n                        <div class=\"col-xl-10 col-lg-10 offset-lg-1 offset-xl-1\">\r\n                            <div class=\"cta-wrapper cat-1-wrapper text-center\">\r\n                            \t                                <div class=\"cta-video-icon wow fadeInUp\" data-wow-delay=\".1s\" data-wow-duration=\".1\">\r\n                                    <a class=\"popup-video play-btn-style\" href=\"https:\/\/gursotechnical.com\/wp-content\/uploads\/2024\/03\/20180105_090030.mp4\" tabindex=\"0\"><i class=\"fas fa-play\"><\/i><\/a>\r\n                                <\/div>\r\n                                                                                                <div class=\"cta-text\">\r\n                                    <h1>Click to Watch Our Production Video<\/h1>\r\n                                <\/div>\r\n                                                            <\/div>\r\n                        <\/div>\r\n                    <\/div>\r\n                <\/div>\r\n            <\/div>\r\n\t\t\r\n\t\t\t\r\n\t\t\t\t\t<\/div>\n\t\t\t\t<\/div>\n\t\t\t\t\t<\/div>\n\t\t<\/div>\n\t\t\t\t\t<\/div>\n\t\t<\/section>\n\t\t<div class=\"elementor-element elementor-element-8f180f2 e-flex e-con-boxed e-con e-parent\" data-id=\"8f180f2\" data-element_type=\"container\" data-e-type=\"container\">\n\t\t\t\t\t<div class=\"e-con-inner\">\n\t\t\t\t<div class=\"elementor-element elementor-element-328ee21 elementor-widget elementor-widget-spacer\" data-id=\"328ee21\" data-element_type=\"widget\" data-e-type=\"widget\" data-widget_type=\"spacer.default\">\n\t\t\t\t\t\t\t<div class=\"elementor-spacer\">\n\t\t\t<div class=\"elementor-spacer-inner\"><\/div>\n\t\t<\/div>\n\t\t\t\t\t\t<\/div>\n\t\t\t\t\t<\/div>\n\t\t\t\t<\/div>\n\t\t<div class=\"elementor-element elementor-element-3434938 e-flex e-con-boxed e-con e-parent\" data-id=\"3434938\" data-element_type=\"container\" data-e-type=\"container\">\n\t\t\t\t\t<div class=\"e-con-inner\">\n\t\t\t\t<div class=\"elementor-element elementor-element-2f28e31 elementor-widget elementor-widget-heading\" data-id=\"2f28e31\" data-element_type=\"widget\" data-e-type=\"widget\" data-widget_type=\"heading.default\">\n\t\t\t\t\t<h1 class=\"elementor-heading-title elementor-size-default\">MANUFACTURING<\/h1>\t\t\t\t<\/div>\n\t\t\t\t\t<\/div>\n\t\t\t\t<\/div>\n\t\t<div class=\"elementor-element elementor-element-1af3e45 e-flex e-con-boxed e-con e-parent\" data-id=\"1af3e45\" data-element_type=\"container\" data-e-type=\"container\">\n\t\t\t\t\t<div class=\"e-con-inner\">\n\t\t<div class=\"elementor-element elementor-element-28b3f5c e-con-full e-flex e-con e-child\" data-id=\"28b3f5c\" data-element_type=\"container\" data-e-type=\"container\">\n\t\t\t\t<div class=\"elementor-element elementor-element-f67948f elementor-widget elementor-widget-text-editor\" data-id=\"f67948f\" data-element_type=\"widget\" data-e-type=\"widget\" data-widget_type=\"text-editor.default\">\n\t\t\t\t\t\t\t\t\t<div style=\"font-family: Roboto; font-size: 16px; font-style: normal; font-weight: 400; background-color: #ffffff; text-align: justify;\">Manufactured from galvanized wire or galvanized wire coated with PVC, our products offer high resistance to external environmental conditions. They are also highly resistant to deformation. Even if a single point is damaged, the structure does not allow dismantling, ensuring long-lasting and reliable security for the applied area.<span style=\"background-color: #ffffff; font-family: Roboto; font-size: 16px; font-style: normal; font-weight: 400;\">&nbsp;<\/span><span style=\"background-color: #ffffff; font-family: Roboto; font-size: 16px; font-style: normal; font-weight: 400;\">The system is ready for use by stretching it between concrete, pipe, or angle iron posts.&nbsp;<\/span><span style=\"background-color: #ffffff; font-family: Roboto; font-size: 16px; font-style: normal; font-weight: 400;\">With various mesh sizes and wire thickness options, it is capable of meeting a wide range of needs and applications.&nbsp;<\/span><span style=\"background-color: #ffffff; font-family: Roboto; font-size: 16px; font-style: normal; font-weight: 400;\">kapasiteye sahiptir.<\/span><\/div>\t\t\t\t\t\t\t\t<\/div>\n\t\t\t\t<\/div>\n\t\t<div class=\"elementor-element elementor-element-cb636d0 e-con-full e-flex e-con e-child\" data-id=\"cb636d0\" data-element_type=\"container\" data-e-type=\"container\">\n\t\t\t\t<div class=\"elementor-element elementor-element-87126ec elementor-widget elementor-widget-text-editor\" data-id=\"87126ec\" data-element_type=\"widget\" data-e-type=\"widget\" data-widget_type=\"text-editor.default\">\n\t\t\t\t\t\t\t\t\t<div style=\"text-align: justify;\">Due to their superior durability, cost-effectiveness, and long service life, galvanized wire mesh products have a broad and widespread range of applications. They are commonly used for defining boundaries of open lands, agricultural and livestock areas, as well as numerous industrial sites. In addition, they are widely preferred for securing highways, military zones, and airport perimeters, offering an easy-to-install and highly reliable solution.<\/div>\t\t\t\t\t\t\t\t<\/div>\n\t\t\t\t<\/div>\n\t\t\t\t\t<\/div>\n\t\t\t\t<\/div>\n\t\t<div class=\"elementor-element elementor-element-83ec06c e-flex e-con-boxed e-con e-parent\" data-id=\"83ec06c\" data-element_type=\"container\" data-e-type=\"container\">\n\t\t\t\t\t<div class=\"e-con-inner\">\n\t\t<div class=\"elementor-element elementor-element-6262a65 e-con-full e-flex e-con e-child\" data-id=\"6262a65\" data-element_type=\"container\" data-e-type=\"container\">\n\t\t\t\t<div class=\"elementor-element elementor-element-47e3b58 elementor-widget elementor-widget-image\" data-id=\"47e3b58\" data-element_type=\"widget\" data-e-type=\"widget\" data-widget_type=\"image.default\">\n\t\t\t\t\t\t\t\t\t\t\t\t\t\t\t<img fetchpriority=\"high\" decoding=\"async\" width=\"1600\" height=\"1200\" src=\"https:\/\/www.gursotechnical.com\/wp-content\/uploads\/2025\/12\/WhatsApp-Image-2021-07-05-at-16.41.24-2.jpeg\" class=\"attachment-full size-full wp-image-1037\" alt=\"\" srcset=\"https:\/\/www.gursotechnical.com\/wp-content\/uploads\/2025\/12\/WhatsApp-Image-2021-07-05-at-16.41.24-2.jpeg 1600w, https:\/\/www.gursotechnical.com\/wp-content\/uploads\/2025\/12\/WhatsApp-Image-2021-07-05-at-16.41.24-2-300x225.jpeg 300w, https:\/\/www.gursotechnical.com\/wp-content\/uploads\/2025\/12\/WhatsApp-Image-2021-07-05-at-16.41.24-2-1024x768.jpeg 1024w, https:\/\/www.gursotechnical.com\/wp-content\/uploads\/2025\/12\/WhatsApp-Image-2021-07-05-at-16.41.24-2-768x576.jpeg 768w, https:\/\/www.gursotechnical.com\/wp-content\/uploads\/2025\/12\/WhatsApp-Image-2021-07-05-at-16.41.24-2-1536x1152.jpeg 1536w\" sizes=\"(max-width: 1600px) 100vw, 1600px\" \/>\t\t\t\t\t\t\t\t\t\t\t\t\t\t\t<\/div>\n\t\t\t\t<\/div>\n\t\t<div class=\"elementor-element elementor-element-d5abf86 e-con-full e-flex e-con e-child\" data-id=\"d5abf86\" data-element_type=\"container\" data-e-type=\"container\">\n\t\t\t\t<div class=\"elementor-element elementor-element-b100ef1 elementor-widget elementor-widget-image\" data-id=\"b100ef1\" data-element_type=\"widget\" data-e-type=\"widget\" data-widget_type=\"image.default\">\n\t\t\t\t\t\t\t\t\t\t\t\t\t\t\t<img decoding=\"async\" width=\"1600\" height=\"1200\" src=\"https:\/\/www.gursotechnical.com\/wp-content\/uploads\/2025\/12\/WhatsApp-Image-2021-07-05-at-16.41.23.jpeg\" class=\"attachment-full size-full wp-image-1036\" alt=\"\" srcset=\"https:\/\/www.gursotechnical.com\/wp-content\/uploads\/2025\/12\/WhatsApp-Image-2021-07-05-at-16.41.23.jpeg 1600w, https:\/\/www.gursotechnical.com\/wp-content\/uploads\/2025\/12\/WhatsApp-Image-2021-07-05-at-16.41.23-300x225.jpeg 300w, https:\/\/www.gursotechnical.com\/wp-content\/uploads\/2025\/12\/WhatsApp-Image-2021-07-05-at-16.41.23-1024x768.jpeg 1024w, https:\/\/www.gursotechnical.com\/wp-content\/uploads\/2025\/12\/WhatsApp-Image-2021-07-05-at-16.41.23-768x576.jpeg 768w, https:\/\/www.gursotechnical.com\/wp-content\/uploads\/2025\/12\/WhatsApp-Image-2021-07-05-at-16.41.23-1536x1152.jpeg 1536w\" sizes=\"(max-width: 1600px) 100vw, 1600px\" \/>\t\t\t\t\t\t\t\t\t\t\t\t\t\t\t<\/div>\n\t\t\t\t<\/div>\n\t\t\t\t\t<\/div>\n\t\t\t\t<\/div>\n\t\t<div class=\"elementor-element elementor-element-b493e2c e-flex e-con-boxed e-con e-parent\" data-id=\"b493e2c\" data-element_type=\"container\" data-e-type=\"container\">\n\t\t\t\t\t<div class=\"e-con-inner\">\n\t\t\t\t<div class=\"elementor-element elementor-element-67b74b3 elementor-widget elementor-widget-spacer\" data-id=\"67b74b3\" data-element_type=\"widget\" data-e-type=\"widget\" data-widget_type=\"spacer.default\">\n\t\t\t\t\t\t\t<div class=\"elementor-spacer\">\n\t\t\t<div class=\"elementor-spacer-inner\"><\/div>\n\t\t<\/div>\n\t\t\t\t\t\t<\/div>\n\t\t\t\t<div class=\"elementor-element elementor-element-be7e569 elementor-widget elementor-widget-heading\" data-id=\"be7e569\" data-element_type=\"widget\" data-e-type=\"widget\" data-widget_type=\"heading.default\">\n\t\t\t\t\t<h1 class=\"elementor-heading-title elementor-size-default\">TECHNICAL SPECIFICATIONS<\/h1>\t\t\t\t<\/div>\n\t\t\t\t<div class=\"elementor-element elementor-element-08ab6f3 elementor-widget elementor-widget-spacer\" data-id=\"08ab6f3\" data-element_type=\"widget\" data-e-type=\"widget\" data-widget_type=\"spacer.default\">\n\t\t\t\t\t\t\t<div class=\"elementor-spacer\">\n\t\t\t<div class=\"elementor-spacer-inner\"><\/div>\n\t\t<\/div>\n\t\t\t\t\t\t<\/div>\n\t\t\t\t\t<\/div>\n\t\t\t\t<\/div>\n\t\t<div class=\"elementor-element elementor-element-4d239ea e-con-full e-flex e-con e-parent\" data-id=\"4d239ea\" data-element_type=\"container\" data-e-type=\"container\" data-settings=\"{&quot;background_background&quot;:&quot;classic&quot;}\">\n\t\t\t\t<div class=\"elementor-element elementor-element-83d9b8d elementor-widget elementor-widget-spacer\" data-id=\"83d9b8d\" data-element_type=\"widget\" data-e-type=\"widget\" data-widget_type=\"spacer.default\">\n\t\t\t\t\t\t\t<div class=\"elementor-spacer\">\n\t\t\t<div class=\"elementor-spacer-inner\"><\/div>\n\t\t<\/div>\n\t\t\t\t\t\t<\/div>\n\t\t\t\t<div class=\"elementor-element elementor-element-a32efc1 elementor-widget elementor-widget-image\" data-id=\"a32efc1\" data-element_type=\"widget\" data-e-type=\"widget\" data-widget_type=\"image.default\">\n\t\t\t\t\t\t\t\t\t\t\t\t\t\t\t<img decoding=\"async\" width=\"1283\" height=\"379\" src=\"https:\/\/www.gursotechnical.com\/wp-content\/uploads\/2025\/12\/Tablo3.png\" class=\"attachment-full size-full wp-image-1220\" alt=\"\" srcset=\"https:\/\/www.gursotechnical.com\/wp-content\/uploads\/2025\/12\/Tablo3.png 1283w, https:\/\/www.gursotechnical.com\/wp-content\/uploads\/2025\/12\/Tablo3-300x89.png 300w, https:\/\/www.gursotechnical.com\/wp-content\/uploads\/2025\/12\/Tablo3-1024x302.png 1024w, https:\/\/www.gursotechnical.com\/wp-content\/uploads\/2025\/12\/Tablo3-768x227.png 768w\" sizes=\"(max-width: 1283px) 100vw, 1283px\" \/>\t\t\t\t\t\t\t\t\t\t\t\t\t\t\t<\/div>\n\t\t\t\t<div class=\"elementor-element elementor-element-76c0716 elementor-widget elementor-widget-spacer\" data-id=\"76c0716\" data-element_type=\"widget\" data-e-type=\"widget\" data-widget_type=\"spacer.default\">\n\t\t\t\t\t\t\t<div class=\"elementor-spacer\">\n\t\t\t<div class=\"elementor-spacer-inner\"><\/div>\n\t\t<\/div>\n\t\t\t\t\t\t<\/div>\n\t\t\t\t<\/div>\n\t\t<div class=\"elementor-element elementor-element-88b62ad e-flex e-con-boxed e-con e-parent\" data-id=\"88b62ad\" data-element_type=\"container\" data-e-type=\"container\">\n\t\t\t\t\t<div class=\"e-con-inner\">\n\t\t\t\t<div class=\"elementor-element elementor-element-d4f18fd elementor-widget elementor-widget-spacer\" data-id=\"d4f18fd\" data-element_type=\"widget\" data-e-type=\"widget\" data-widget_type=\"spacer.default\">\n\t\t\t\t\t\t\t<div class=\"elementor-spacer\">\n\t\t\t<div class=\"elementor-spacer-inner\"><\/div>\n\t\t<\/div>\n\t\t\t\t\t\t<\/div>\n\t\t\t\t<div class=\"elementor-element elementor-element-9596c59 elementor-widget elementor-widget-heading\" data-id=\"9596c59\" data-element_type=\"widget\" data-e-type=\"widget\" data-widget_type=\"heading.default\">\n\t\t\t\t\t<h1 class=\"elementor-heading-title elementor-size-default\">OUR REFERENCE PROJECTS<\/h1>\t\t\t\t<\/div>\n\t\t\t\t\t<\/div>\n\t\t\t\t<\/div>\n\t\t<div class=\"elementor-element elementor-element-54c56df e-flex e-con-boxed e-con e-parent\" data-id=\"54c56df\" data-element_type=\"container\" data-e-type=\"container\">\n\t\t\t\t\t<div class=\"e-con-inner\">\n\t\t\t\t<div class=\"elementor-element elementor-element-83360c9 elementor-align-left elementor-widget elementor-widget-bdevs-case\" data-id=\"83360c9\" data-element_type=\"widget\" data-e-type=\"widget\" data-widget_type=\"bdevs-case.default\">\n\t\t\t\t<div class=\"elementor-widget-container\">\n\t\t\t\t\t\n\n\n\t\t\n\n\n        \t<div class=\"features-area pt-130 pb-130 pl-55 pr-55\">\n\n                <div class=\"container-fluid\">\n\n                    <div class=\"row\">\n\n                    \t\n                        <div class=\"col-xl-3 col-lg-3 col-md-6\">\n\n                            <div class=\"features-wrapper case-full text-center mb-55 wow fadeInUp\" data-wow-delay=\".1s\" data-wow-duration=\".1\">\n\n                            \t\n                                <div class=\"features-img\">\n\n                                    <img decoding=\"async\" src=\"https:\/\/www.gursotechnical.com\/wp-content\/uploads\/2025\/12\/Proje01.png\" alt=\"\">\n\n                                <\/div>\n\n                                 \n\n                                <div class=\"features-text\">\n\n                                \t\n                                     \n\n                                    <p><a class=\"btn-icon\" href=\"https:\/\/www.gursotechnical.com\/en\/proje-no-1\/\">Project No.1<i class=\"far fa-long-arrow-right\"><\/i><\/a><\/p>\n\n                                    \n                                <\/div>\n\n                            <\/div>\n\n                        <\/div>\n\n                        \n                        <div class=\"col-xl-3 col-lg-3 col-md-6\">\n\n                            <div class=\"features-wrapper case-full text-center mb-55 wow fadeInUp\" data-wow-delay=\".1s\" data-wow-duration=\".1\">\n\n                            \t\n                                <div class=\"features-img\">\n\n                                    <img decoding=\"async\" src=\"https:\/\/www.gursotechnical.com\/wp-content\/uploads\/2025\/12\/IMG-20241215-WA0056-2.jpg\" alt=\"\">\n\n                                <\/div>\n\n                                 \n\n                                <div class=\"features-text\">\n\n                                \t\n                                     \n\n                                    <p><a class=\"btn-icon\" href=\"https:\/\/www.gursotechnical.com\/en\/proje-no-2\/\">Project No.2<i class=\"far fa-long-arrow-right\"><\/i><\/a><\/p>\n\n                                    \n                                <\/div>\n\n                            <\/div>\n\n                        <\/div>\n\n                        \n                        <div class=\"col-xl-3 col-lg-3 col-md-6\">\n\n                            <div class=\"features-wrapper case-full text-center mb-55 wow fadeInUp\" data-wow-delay=\".1s\" data-wow-duration=\".1\">\n\n                            \t\n                                <div class=\"features-img\">\n\n                                    <img decoding=\"async\" src=\"https:\/\/www.gursotechnical.com\/wp-content\/uploads\/2025\/12\/IMG-20241012-WA0061-2.jpg\" alt=\"\">\n\n                                <\/div>\n\n                                 \n\n                                <div class=\"features-text\">\n\n                                \t\n                                     \n\n                                    <p><a class=\"btn-icon\" href=\"https:\/\/www.gursotechnical.com\/en\/proje-no-3\/\">Project No.3<i class=\"far fa-long-arrow-right\"><\/i><\/a><\/p>\n\n                                    \n                                <\/div>\n\n                            <\/div>\n\n                        <\/div>\n\n                        \n                        <div class=\"col-xl-3 col-lg-3 col-md-6\">\n\n                            <div class=\"features-wrapper case-full text-center mb-55 wow fadeInUp\" data-wow-delay=\".1s\" data-wow-duration=\".1\">\n\n                            \t\n                                <div class=\"features-img\">\n\n                                    <img decoding=\"async\" src=\"https:\/\/www.gursotechnical.com\/wp-content\/uploads\/2025\/12\/Proje4.png\" alt=\"\">\n\n                                <\/div>\n\n                                 \n\n                                <div class=\"features-text\">\n\n                                \t\n                                     \n\n                                    <p><a class=\"btn-icon\" href=\"https:\/\/www.gursotechnical.com\/en\/proje-no-4\/\">Project No.4<i class=\"far fa-long-arrow-right\"><\/i><\/a><\/p>\n\n                                    \n                                <\/div>\n\n                            <\/div>\n\n                        <\/div>\n\n                        \n                        <div class=\"col-xl-3 col-lg-3 col-md-6\">\n\n                            <div class=\"features-wrapper case-full text-center mb-55 wow fadeInUp\" data-wow-delay=\".1s\" data-wow-duration=\".1\">\n\n                            \t\n                                <div class=\"features-img\">\n\n                                    <img decoding=\"async\" src=\"https:\/\/www.gursotechnical.com\/wp-content\/uploads\/2025\/12\/Proje5.png\" alt=\"\">\n\n                                <\/div>\n\n                                 \n\n                                <div class=\"features-text\">\n\n                                \t\n                                     \n\n                                    <p><a class=\"btn-icon\" href=\"https:\/\/www.gursotechnical.com\/en\/proje-no-5\/\">Project No.5<i class=\"far fa-long-arrow-right\"><\/i><\/a><\/p>\n\n                                    \n                                <\/div>\n\n                            <\/div>\n\n                        <\/div>\n\n                        \n                        <div class=\"col-xl-3 col-lg-3 col-md-6\">\n\n                            <div class=\"features-wrapper case-full text-center mb-55 wow fadeInUp\" data-wow-delay=\".1s\" data-wow-duration=\".1\">\n\n                            \t\n                                <div class=\"features-img\">\n\n                                    <img decoding=\"async\" src=\"https:\/\/www.gursotechnical.com\/wp-content\/uploads\/2025\/12\/proje6-1.png\" alt=\"\">\n\n                                <\/div>\n\n                                 \n\n                                <div class=\"features-text\">\n\n                                \t\n                                     \n\n                                    <p><a class=\"btn-icon\" href=\"https:\/\/www.gursotechnical.com\/en\/proje-no-6\/\">Project No.6<i class=\"far fa-long-arrow-right\"><\/i><\/a><\/p>\n\n                                    \n                                <\/div>\n\n                            <\/div>\n\n                        <\/div>\n\n                        \n                        <div class=\"col-xl-3 col-lg-3 col-md-6\">\n\n                            <div class=\"features-wrapper case-full text-center mb-55 wow fadeInUp\" data-wow-delay=\".1s\" data-wow-duration=\".1\">\n\n                            \t\n                                <div class=\"features-img\">\n\n                                    <img decoding=\"async\" src=\"https:\/\/www.gursotechnical.com\/wp-content\/uploads\/2025\/12\/WhatsApp-Image-2025-02-14-at-14.11.29-1.jpeg\" alt=\"\">\n\n                                <\/div>\n\n                                 \n\n                                <div class=\"features-text\">\n\n                                \t\n                                     \n\n                                    <p><a class=\"btn-icon\" href=\"https:\/\/www.gursotechnical.com\/en\/proje-no-7\/\">Project No.7<i class=\"far fa-long-arrow-right\"><\/i><\/a><\/p>\n\n                                    \n                                <\/div>\n\n                            <\/div>\n\n                        <\/div>\n\n                        \n                        <div class=\"col-xl-3 col-lg-3 col-md-6\">\n\n                            <div class=\"features-wrapper case-full text-center mb-55 wow fadeInUp\" data-wow-delay=\".1s\" data-wow-duration=\".1\">\n\n                            \t\n                                <div class=\"features-img\">\n\n                                    <img decoding=\"async\" src=\"https:\/\/www.gursotechnical.com\/wp-content\/uploads\/2025\/12\/proje8.png\" alt=\"\">\n\n                                <\/div>\n\n                                 \n\n                                <div class=\"features-text\">\n\n                                \t\n                                     \n\n                                    <p><a class=\"btn-icon\" href=\"https:\/\/www.gursotechnical.com\/en\/proje-no-8\/\">Project No.8<i class=\"far fa-long-arrow-right\"><\/i><\/a><\/p>\n\n                                    \n                                <\/div>\n\n                            <\/div>\n\n                        <\/div>\n\n                        \n                    <\/div>\n\n                    <div class=\"row\">\n\n                        <div class=\"col-xl-12\">\n\n                        \t \n\n                        <\/div>\n\n                    <\/div>\n\n                <\/div>\n\n            <\/div>\n\n\n\n\t\t\t\n\n\n\n\t\t\t\t\t<\/div>\n\t\t\t\t<\/div>\n\t\t\t\t\t<\/div>\n\t\t\t\t<\/div>\n\t\t\t\t<\/div>","protected":false},"excerpt":{"rendered":"<p>\u00dcretim Videomuz \u0130\u00e7in T\u0131klay\u0131n \u00dcRET\u0130M Galvanizli tellerden veya galvaniz tel \u00fczeri PVC kaplama olarak \u00fcretildiklerinden, d\u0131\u015f ko\u015fullara kar\u015f\u0131 dayan\u0131kl\u0131d\u0131r. Deforme olmalara kar\u015f\u0131 da dayan\u0131kl\u0131d\u0131r. Bir noktas\u0131 hasar g\u00f6rse dahi s\u00f6k\u00fclmeye meydan vermeyen bir yap\u0131ya sahiptir. Bu ba\u011flamda uyguland\u0131\u011f\u0131 alan\u0131n g\u00fcvenli\u011fini uzun s\u00fcre ve sorunsuz olarak sa\u011flamaktad\u0131r.&nbsp;Beton, boru veya k\u00f6\u015febent direkler aras\u0131na \u00e7ekilerek kullan\u0131ma haz\u0131r hale [&hellip;]<\/p>","protected":false},"author":1,"featured_media":0,"parent":0,"menu_order":0,"comment_status":"closed","ping_status":"closed","template":"page-templates\/home.php","meta":{"inline_featured_image":false,"_joinchat":[],"footnotes":""},"class_list":["post-1009","page","type-page","status-publish","hentry"],"_links":{"self":[{"href":"https:\/\/www.gursotechnical.com\/en\/wp-json\/wp\/v2\/pages\/1009","targetHints":{"allow":["GET"]}}],"collection":[{"href":"https:\/\/www.gursotechnical.com\/en\/wp-json\/wp\/v2\/pages"}],"about":[{"href":"https:\/\/www.gursotechnical.com\/en\/wp-json\/wp\/v2\/types\/page"}],"author":[{"embeddable":true,"href":"https:\/\/www.gursotechnical.com\/en\/wp-json\/wp\/v2\/users\/1"}],"replies":[{"embeddable":true,"href":"https:\/\/www.gursotechnical.com\/en\/wp-json\/wp\/v2\/comments?post=1009"}],"version-history":[{"count":136,"href":"https:\/\/www.gursotechnical.com\/en\/wp-json\/wp\/v2\/pages\/1009\/revisions"}],"predecessor-version":[{"id":1769,"href":"https:\/\/www.gursotechnical.com\/en\/wp-json\/wp\/v2\/pages\/1009\/revisions\/1769"}],"wp:attachment":[{"href":"https:\/\/www.gursotechnical.com\/en\/wp-json\/wp\/v2\/media?parent=1009"}],"curies":[{"name":"wp","href":"https:\/\/api.w.org\/{rel}","templated":true}]}}